{"id":3,"date":"2024-02-24T22:31:34","date_gmt":"2024-02-24T22:31:34","guid":{"rendered":"http:\/\/viking-el-service.dk\/?page_id=3"},"modified":"2024-09-13T22:06:34","modified_gmt":"2024-09-13T22:06:34","slug":"privacy-policy","status":"publish","type":"page","link":"http:\/\/viking-el-service.dk\/?page_id=3","title":{"rendered":"Privacy Policy"},"content":{"rendered":"<p>[et_pb_section fb_built=&#8221;1&#8243; admin_label=&#8221;Header&#8221; _builder_version=&#8221;4.16&#8243; use_background_color_gradient=&#8221;on&#8221; background_color_gradient_type=&#8221;circular&#8221; background_color_gradient_direction_radial=&#8221;right&#8221; background_color_gradient_stops=&#8221;rgba(255,255,255,0) 0%|#ffffff 70%&#8221; background_color_gradient_overlays_image=&#8221;on&#8221; background_color_gradient_start=&#8221;rgba(255,255,255,0)&#8221; background_color_gradient_end=&#8221;#ffffff&#8221; background_color_gradient_end_position=&#8221;70%&#8221; background_image=&#8221;http:\/\/viking-el-service.dk\/wp-content\/uploads\/2024\/04\/electrician_19.png&#8221; background_position=&#8221;top_right&#8221; custom_padding=&#8221;54px|0px|0|0px|false|false&#8221; global_colors_info=&#8221;{}&#8221; theme_builder_area=&#8221;post_content&#8221;][et_pb_row _builder_version=&#8221;4.16&#8243; custom_margin=&#8221;|||&#8221; custom_padding=&#8221;|||&#8221; locked=&#8221;off&#8221; global_colors_info=&#8221;{}&#8221; column_structure=&#8221;1_2,1_2&#8243; theme_builder_area=&#8221;post_content&#8221;][et_pb_column type=&#8221;1_2&#8243; _builder_version=&#8221;4.16&#8243; custom_padding=&#8221;|||&#8221; global_colors_info=&#8221;{}&#8221; custom_padding__hover=&#8221;|||&#8221; theme_builder_area=&#8221;post_content&#8221;][et_pb_text _builder_version=&#8221;4.27.0&#8243; text_font=&#8221;||||||||&#8221; text_font_size=&#8221;16px&#8221; text_line_height=&#8221;1.8em&#8221; header_font=&#8221;Libre Franklin|600|||||||&#8221; header_font_size=&#8221;60px&#8221; header_line_height=&#8221;1.4em&#8221; max_width=&#8221;600px&#8221; hover_enabled=&#8221;0&#8243; header_font_size_tablet=&#8221;&#8221; header_font_size_phone=&#8221;32px&#8221; header_font_size_last_edited=&#8221;on|phone&#8221; global_colors_info=&#8221;{}&#8221; theme_builder_area=&#8221;post_content&#8221; sticky_enabled=&#8221;0&#8243;]<\/p>\n<h1>Privacy Policy<\/h1>\n<p>Hos Viking El Service respekterer vi din ret til privatliv og er forpligtet til at beskytte dine personoplysninger. Denne privatlivspolitik forklarer, hvordan vi indsamler, bruger, beskytter og deler de oplysninger, du giver os, n\u00e5r du bes\u00f8ger vores hjemmeside eller benytter vores tjenester.<\/p>\n<p>&nbsp;<\/p>\n<p>[\/et_pb_text][\/et_pb_column][et_pb_column type=&#8221;1_2&#8243; _builder_version=&#8221;4.16&#8243; custom_padding=&#8221;|||&#8221; global_colors_info=&#8221;{}&#8221; custom_padding__hover=&#8221;|||&#8221; theme_builder_area=&#8221;post_content&#8221;][et_pb_text _builder_version=&#8221;4.27.0&#8243; _module_preset=&#8221;default&#8221; theme_builder_area=&#8221;post_content&#8221; hover_enabled=&#8221;0&#8243; sticky_enabled=&#8221;0&#8243;]<\/p>\n<h1><strong>1. Indsamling af oplysninger<\/strong> <\/h1>\n<p>Vi indsamler personoplysninger, n\u00e5r du interagerer med vores hjemmeside, f.eks. ved:<\/p>\n<p><strong>&#8211;<\/strong> At udfylde en kontaktformular<br \/>\n<strong>&#8211;<\/strong> Indg\u00e5 aftale om en el-service<\/p>\n<p>De oplysninger, vi indsamler, kan omfatte dit navn, e-mailadresse, telefonnummer og andre relevante oplysninger, som er n\u00f8dvendige for at yde vores service.<\/p>\n<h1><strong>2. Anvendelse af oplysninger<\/strong> <\/h1>\n<p>De oplysninger, vi indsamler, bruges til f\u00f8lgende form\u00e5l:<\/p>\n<p>Behandling af foresp\u00f8rgsler og ordrer<br \/>\nForbedring af vores hjemmeside og service<br \/>\nUdsendelse af relevant information eller markedsf\u00f8ring, som du har samtykket til.<\/p>\n<h1><strong>3. Deling af oplysninger<\/strong> <\/h1>\n<p>Vi deler aldrig dine personoplysninger med tredjeparter uden dit samtykke, medmindre det er n\u00f8dvendigt for at levere vores tjenester, eller hvor loven kr\u00e6ver det.<\/p>\n<h1><strong>4. Opbevaring af oplysninger<\/strong> <\/h1>\n<p>Vi opbevarer dine personoplysninger, s\u00e5 l\u00e6nge det er n\u00f8dvendigt for de form\u00e5l, der er beskrevet i denne politik, eller i overensstemmelse med g\u00e6ldende lovgivning.<\/p>\n<h1><strong>5. Dine rettigheder<\/strong> <\/h1>\n<p>Du har ret til at anmode om indsigt i de oplysninger, vi har om dig, samt retten til at f\u00e5 rettet, slettet eller begr\u00e6nset behandlingen af disse oplysninger. Hvis du \u00f8nsker at ud\u00f8ve nogen af disse rettigheder, kan du kontakte os via telefon eller email.<\/p>\n<h1><strong>6. Cookies<\/strong> <\/h1>\n<p>Vores hjemmeside anvender cookies til at forbedre din brugeroplevelse. Du kan v\u00e6lge at afvise cookies i din browser, men det kan p\u00e5virke funktionaliteten af vores hjemmeside.<\/p>\n<h1><strong>7. \u00c6ndringer til privatlivspolitikken<\/strong> <\/h1>\n<p>Vi forbeholder os retten til at opdatere denne politik fra tid til anden. Vi opfordrer dig til regelm\u00e6ssigt at gennemg\u00e5 denne side for eventuelle \u00e6ndringer.<\/p>\n<h1><strong>7. Sp\u00f8rgsm\u00e5l?<\/strong> <\/h1>\n<p>Hvis du har sp\u00f8rgsm\u00e5l vedr\u00f8rende denne privatlivspolitik eller vores h\u00e5ndtering af dine personoplysninger, er du velkommen til at kontakte os:<\/p>\n<p>Telefon: <span>+45 22 86 83 76<\/span><br \/>\nE-mail: v-el-s@hotmail.com[\/et_pb_text][\/et_pb_column][\/et_pb_row][\/et_pb_section]<\/p>\n","protected":false},"excerpt":{"rendered":"<p>Privacy Policy Hos Viking El Service respekterer vi din ret til privatliv og er forpligtet til at beskytte dine personoplysninger. Denne privatlivspolitik forklarer, hvordan vi indsamler, bruger, beskytter og deler de oplysninger, du giver os, n\u00e5r du bes\u00f8ger vores hjemmeside eller benytter vores tjenester. &nbsp;1. Indsamling af oplysninger Vi indsamler personoplysninger, n\u00e5r du interagerer med [&hellip;]<\/p>\n","protected":false},"author":1,"featured_media":0,"parent":0,"menu_order":0,"comment_status":"closed","ping_status":"open","template":"","meta":{"_et_pb_use_builder":"on","_et_pb_old_content":"<!-- wp:heading --><h2>Who we are<\/h2><!-- \/wp:heading --><!-- wp:paragraph --><p><strong class=\"privacy-policy-tutorial\">Suggested text: <\/strong>Our website address is: http:\/\/viking-el-service.dk.<\/p><!-- \/wp:paragraph --><!-- wp:heading --><h2>Comments<\/h2><!-- \/wp:heading --><!-- wp:paragraph --><p><strong class=\"privacy-policy-tutorial\">Suggested text: <\/strong>When visitors leave comments on the site we collect the data shown in the comments form, and also the visitor&#8217;s IP address and browser user agent string to help spam detection.<\/p><!-- \/wp:paragraph --><!-- wp:paragraph --><p>An anonymized string created from your email address (also called a hash) may be provided to the Gravatar service to see if you are using it. The Gravatar service privacy policy is available here: https:\/\/automattic.com\/privacy\/. After approval of your comment, your profile picture is visible to the public in the context of your comment.<\/p><!-- \/wp:paragraph --><!-- wp:heading --><h2>Media<\/h2><!-- \/wp:heading --><!-- wp:paragraph --><p><strong class=\"privacy-policy-tutorial\">Suggested text: <\/strong>If you upload images to the website, you should avoid uploading images with embedded location data (EXIF GPS) included. Visitors to the website can download and extract any location data from images on the website.<\/p><!-- \/wp:paragraph --><!-- wp:heading --><h2>Cookies<\/h2><!-- \/wp:heading --><!-- wp:paragraph --><p><strong class=\"privacy-policy-tutorial\">Suggested text: <\/strong>If you leave a comment on our site you may opt-in to saving your name, email address and website in cookies. These are for your convenience so that you do not have to fill in your details again when you leave another comment. These cookies will last for one year.<\/p><!-- \/wp:paragraph --><!-- wp:paragraph --><p>If you visit our login page, we will set a temporary cookie to determine if your browser accepts cookies. This cookie contains no personal data and is discarded when you close your browser.<\/p><!-- \/wp:paragraph --><!-- wp:paragraph --><p>When you log in, we will also set up several cookies to save your login information and your screen display choices. Login cookies last for two days, and screen options cookies last for a year. If you select &quot;Remember Me&quot;, your login will persist for two weeks. If you log out of your account, the login cookies will be removed.<\/p><!-- \/wp:paragraph --><!-- wp:paragraph --><p>If you edit or publish an article, an additional cookie will be saved in your browser. This cookie includes no personal data and simply indicates the post ID of the article you just edited. It expires after 1 day.<\/p><!-- \/wp:paragraph --><!-- wp:heading --><h2>Embedded content from other websites<\/h2><!-- \/wp:heading --><!-- wp:paragraph --><p><strong class=\"privacy-policy-tutorial\">Suggested text: <\/strong>Articles on this site may include embedded content (e.g. videos, images, articles, etc.). Embedded content from other websites behaves in the exact same way as if the visitor has visited the other website.<\/p><!-- \/wp:paragraph --><!-- wp:paragraph --><p>These websites may collect data about you, use cookies, embed additional third-party tracking, and monitor your interaction with that embedded content, including tracking your interaction with the embedded content if you have an account and are logged in to that website.<\/p><!-- \/wp:paragraph --><!-- wp:heading --><h2>Who we share your data with<\/h2><!-- \/wp:heading --><!-- wp:paragraph --><p><strong class=\"privacy-policy-tutorial\">Suggested text: <\/strong>If you request a password reset, your IP address will be included in the reset email.<\/p><!-- \/wp:paragraph --><!-- wp:heading --><h2>How long we retain your data<\/h2><!-- \/wp:heading --><!-- wp:paragraph --><p><strong class=\"privacy-policy-tutorial\">Suggested text: <\/strong>If you leave a comment, the comment and its metadata are retained indefinitely. This is so we can recognize and approve any follow-up comments automatically instead of holding them in a moderation queue.<\/p><!-- \/wp:paragraph --><!-- wp:paragraph --><p>For users that register on our website (if any), we also store the personal information they provide in their user profile. All users can see, edit, or delete their personal information at any time (except they cannot change their username). Website administrators can also see and edit that information.<\/p><!-- \/wp:paragraph --><!-- wp:heading --><h2>What rights you have over your data<\/h2><!-- \/wp:heading --><!-- wp:paragraph --><p><strong class=\"privacy-policy-tutorial\">Suggested text: <\/strong>If you have an account on this site, or have left comments, you can request to receive an exported file of the personal data we hold about you, including any data you have provided to us. You can also request that we erase any personal data we hold about you. This does not include any data we are obliged to keep for administrative, legal, or security purposes.<\/p><!-- \/wp:paragraph --><!-- wp:heading --><h2>Where your data is sent<\/h2><!-- \/wp:heading --><!-- wp:paragraph --><p><strong class=\"privacy-policy-tutorial\">Suggested text: <\/strong>Visitor comments may be checked through an automated spam detection service.<\/p><!-- \/wp:paragraph -->","_et_gb_content_width":"","footnotes":""},"class_list":["post-3","page","type-page","status-publish","hentry"],"yoast_head":"<!-- This site is optimized with the Yoast SEO plugin v25.6 - https:\/\/yoast.com\/wordpress\/plugins\/seo\/ -->\n<title>Privacy Policy - Viking El Service<\/title>\n<meta name=\"robots\" content=\"index, follow, max-snippet:-1, max-image-preview:large, max-video-preview:-1\" \/>\n<link rel=\"canonical\" href=\"https:\/\/viking-el-service.dk\/?page_id=3\" \/>\n<meta property=\"og:locale\" content=\"da_DK\" \/>\n<meta property=\"og:type\" content=\"article\" \/>\n<meta property=\"og:title\" content=\"Privacy Policy - Viking El Service\" \/>\n<meta property=\"og:description\" content=\"Privacy Policy Hos Viking El Service respekterer vi din ret til privatliv og er forpligtet til at beskytte dine personoplysninger. Denne privatlivspolitik forklarer, hvordan vi indsamler, bruger, beskytter og deler de oplysninger, du giver os, n\u00e5r du bes\u00f8ger vores hjemmeside eller benytter vores tjenester. &nbsp;1. Indsamling af oplysninger Vi indsamler personoplysninger, n\u00e5r du interagerer med [&hellip;]\" \/>\n<meta property=\"og:url\" content=\"https:\/\/viking-el-service.dk\/?page_id=3\" \/>\n<meta property=\"og:site_name\" content=\"Viking El Service\" \/>\n<meta property=\"article:publisher\" content=\"https:\/\/www.facebook.com\/profile.php?id=100045935036631\" \/>\n<meta property=\"article:modified_time\" content=\"2024-09-13T22:06:34+00:00\" \/>\n<meta name=\"twitter:card\" content=\"summary_large_image\" \/>\n<meta name=\"twitter:label1\" content=\"Estimeret l\u00e6setid\" \/>\n\t<meta name=\"twitter:data1\" content=\"3 minutter\" \/>\n<script type=\"application\/ld+json\" class=\"yoast-schema-graph\">{\"@context\":\"https:\/\/schema.org\",\"@graph\":[{\"@type\":\"WebPage\",\"@id\":\"https:\/\/viking-el-service.dk\/?page_id=3\",\"url\":\"https:\/\/viking-el-service.dk\/?page_id=3\",\"name\":\"Privacy Policy - Viking El Service\",\"isPartOf\":{\"@id\":\"http:\/\/viking-el-service.dk\/#website\"},\"datePublished\":\"2024-02-24T22:31:34+00:00\",\"dateModified\":\"2024-09-13T22:06:34+00:00\",\"breadcrumb\":{\"@id\":\"https:\/\/viking-el-service.dk\/?page_id=3#breadcrumb\"},\"inLanguage\":\"da-DK\",\"potentialAction\":[{\"@type\":\"ReadAction\",\"target\":[\"https:\/\/viking-el-service.dk\/?page_id=3\"]}]},{\"@type\":\"BreadcrumbList\",\"@id\":\"https:\/\/viking-el-service.dk\/?page_id=3#breadcrumb\",\"itemListElement\":[{\"@type\":\"ListItem\",\"position\":1,\"name\":\"Hjem\",\"item\":\"http:\/\/viking-el-service.dk\/\"},{\"@type\":\"ListItem\",\"position\":2,\"name\":\"Privacy Policy\"}]},{\"@type\":\"WebSite\",\"@id\":\"http:\/\/viking-el-service.dk\/#website\",\"url\":\"http:\/\/viking-el-service.dk\/\",\"name\":\"Viking El Service\",\"description\":\"Professionel el-service og installationer fra autoriseret elektriker.\",\"publisher\":{\"@id\":\"http:\/\/viking-el-service.dk\/#organization\"},\"potentialAction\":[{\"@type\":\"SearchAction\",\"target\":{\"@type\":\"EntryPoint\",\"urlTemplate\":\"http:\/\/viking-el-service.dk\/?s={search_term_string}\"},\"query-input\":{\"@type\":\"PropertyValueSpecification\",\"valueRequired\":true,\"valueName\":\"search_term_string\"}}],\"inLanguage\":\"da-DK\"},{\"@type\":\"Organization\",\"@id\":\"http:\/\/viking-el-service.dk\/#organization\",\"name\":\"Viking El Service\",\"url\":\"http:\/\/viking-el-service.dk\/\",\"logo\":{\"@type\":\"ImageObject\",\"inLanguage\":\"da-DK\",\"@id\":\"http:\/\/viking-el-service.dk\/#\/schema\/logo\/image\/\",\"url\":\"https:\/\/viking-el-service.dk\/wp-content\/uploads\/2024\/08\/VIKING-EL-LOGO_2.png\",\"contentUrl\":\"https:\/\/viking-el-service.dk\/wp-content\/uploads\/2024\/08\/VIKING-EL-LOGO_2.png\",\"width\":595,\"height\":63,\"caption\":\"Viking El Service\"},\"image\":{\"@id\":\"http:\/\/viking-el-service.dk\/#\/schema\/logo\/image\/\"},\"sameAs\":[\"https:\/\/www.facebook.com\/profile.php?id=100045935036631\"]}]}<\/script>\n<!-- \/ Yoast SEO plugin. -->","yoast_head_json":{"title":"Privacy Policy - Viking El Service","robots":{"index":"index","follow":"follow","max-snippet":"max-snippet:-1","max-image-preview":"max-image-preview:large","max-video-preview":"max-video-preview:-1"},"canonical":"https:\/\/viking-el-service.dk\/?page_id=3","og_locale":"da_DK","og_type":"article","og_title":"Privacy Policy - Viking El Service","og_description":"Privacy Policy Hos Viking El Service respekterer vi din ret til privatliv og er forpligtet til at beskytte dine personoplysninger. Denne privatlivspolitik forklarer, hvordan vi indsamler, bruger, beskytter og deler de oplysninger, du giver os, n\u00e5r du bes\u00f8ger vores hjemmeside eller benytter vores tjenester. &nbsp;1. Indsamling af oplysninger Vi indsamler personoplysninger, n\u00e5r du interagerer med [&hellip;]","og_url":"https:\/\/viking-el-service.dk\/?page_id=3","og_site_name":"Viking El Service","article_publisher":"https:\/\/www.facebook.com\/profile.php?id=100045935036631","article_modified_time":"2024-09-13T22:06:34+00:00","twitter_card":"summary_large_image","twitter_misc":{"Estimeret l\u00e6setid":"3 minutter"},"schema":{"@context":"https:\/\/schema.org","@graph":[{"@type":"WebPage","@id":"https:\/\/viking-el-service.dk\/?page_id=3","url":"https:\/\/viking-el-service.dk\/?page_id=3","name":"Privacy Policy - Viking El Service","isPartOf":{"@id":"http:\/\/viking-el-service.dk\/#website"},"datePublished":"2024-02-24T22:31:34+00:00","dateModified":"2024-09-13T22:06:34+00:00","breadcrumb":{"@id":"https:\/\/viking-el-service.dk\/?page_id=3#breadcrumb"},"inLanguage":"da-DK","potentialAction":[{"@type":"ReadAction","target":["https:\/\/viking-el-service.dk\/?page_id=3"]}]},{"@type":"BreadcrumbList","@id":"https:\/\/viking-el-service.dk\/?page_id=3#breadcrumb","itemListElement":[{"@type":"ListItem","position":1,"name":"Hjem","item":"http:\/\/viking-el-service.dk\/"},{"@type":"ListItem","position":2,"name":"Privacy Policy"}]},{"@type":"WebSite","@id":"http:\/\/viking-el-service.dk\/#website","url":"http:\/\/viking-el-service.dk\/","name":"Viking El Service","description":"Professionel el-service og installationer fra autoriseret elektriker.","publisher":{"@id":"http:\/\/viking-el-service.dk\/#organization"},"potentialAction":[{"@type":"SearchAction","target":{"@type":"EntryPoint","urlTemplate":"http:\/\/viking-el-service.dk\/?s={search_term_string}"},"query-input":{"@type":"PropertyValueSpecification","valueRequired":true,"valueName":"search_term_string"}}],"inLanguage":"da-DK"},{"@type":"Organization","@id":"http:\/\/viking-el-service.dk\/#organization","name":"Viking El Service","url":"http:\/\/viking-el-service.dk\/","logo":{"@type":"ImageObject","inLanguage":"da-DK","@id":"http:\/\/viking-el-service.dk\/#\/schema\/logo\/image\/","url":"https:\/\/viking-el-service.dk\/wp-content\/uploads\/2024\/08\/VIKING-EL-LOGO_2.png","contentUrl":"https:\/\/viking-el-service.dk\/wp-content\/uploads\/2024\/08\/VIKING-EL-LOGO_2.png","width":595,"height":63,"caption":"Viking El Service"},"image":{"@id":"http:\/\/viking-el-service.dk\/#\/schema\/logo\/image\/"},"sameAs":["https:\/\/www.facebook.com\/profile.php?id=100045935036631"]}]}},"_links":{"self":[{"href":"http:\/\/viking-el-service.dk\/index.php?rest_route=\/wp\/v2\/pages\/3"}],"collection":[{"href":"http:\/\/viking-el-service.dk\/index.php?rest_route=\/wp\/v2\/pages"}],"about":[{"href":"http:\/\/viking-el-service.dk\/index.php?rest_route=\/wp\/v2\/types\/page"}],"author":[{"embeddable":true,"href":"http:\/\/viking-el-service.dk\/index.php?rest_route=\/wp\/v2\/users\/1"}],"replies":[{"embeddable":true,"href":"http:\/\/viking-el-service.dk\/index.php?rest_route=%2Fwp%2Fv2%2Fcomments&post=3"}],"version-history":[{"count":2,"href":"http:\/\/viking-el-service.dk\/index.php?rest_route=\/wp\/v2\/pages\/3\/revisions"}],"predecessor-version":[{"id":588,"href":"http:\/\/viking-el-service.dk\/index.php?rest_route=\/wp\/v2\/pages\/3\/revisions\/588"}],"wp:attachment":[{"href":"http:\/\/viking-el-service.dk\/index.php?rest_route=%2Fwp%2Fv2%2Fmedia&parent=3"}],"curies":[{"name":"wp","href":"https:\/\/api.w.org\/{rel}","templated":true}]}}